{"id":3416,"date":"2023-09-16T12:18:25","date_gmt":"2023-09-16T10:18:25","guid":{"rendered":"https:\/\/flow.md\/2023\/?page_id=3416"},"modified":"2023-09-16T12:23:19","modified_gmt":"2023-09-16T10:23:19","slug":"beyondgossip","status":"publish","type":"page","link":"https:\/\/flow.md\/en\/social\/beyondgossip\/","title":{"rendered":"Beyond Gossip"},"content":{"rendered":"<div data-elementor-type=\"wp-post\" data-elementor-id=\"3416\" class=\"elementor elementor-3416\" data-elementor-post-type=\"page\">\n\t\t\t\t\t\t\t\t\t<section class=\"elementor-section elementor-top-section elementor-element elementor-element-1e7dcc6 elementor-section-full_width elementor-section-height-min-height elementor-section-height-default elementor-section-items-middle\" data-id=\"1e7dcc6\" data-element_type=\"section\" data-settings=\"{&quot;background_background&quot;:&quot;classic&quot;}\">\n\t\t\t\t\t\t\t<div class=\"elementor-background-overlay\"><\/div>\n\t\t\t\t\t\t\t<div class=\"elementor-container elementor-column-gap-no\">\n\t\t\t\t\t<div class=\"elementor-column elementor-col-100 elementor-top-column elementor-element elementor-element-75d9809\" data-id=\"75d9809\" data-element_type=\"column\">\n\t\t\t<div class=\"elementor-widget-wrap elementor-element-populated\">\n\t\t\t\t\t\t\t\t<div class=\"elementor-element elementor-element-5e02dc2 elementor-widget elementor-widget-heading\" data-id=\"5e02dc2\" data-element_type=\"widget\" data-widget_type=\"heading.default\">\n\t\t\t\t<div class=\"elementor-widget-container\">\n\t\t\t<h1 class=\"elementor-heading-title elementor-size-default\">Beyond Gossip<\/h1>\t\t<\/div>\n\t\t\t\t<\/div>\n\t\t\t\t\t<\/div>\n\t\t<\/div>\n\t\t\t\t\t\t\t<\/div>\n\t\t<\/section>\n\t\t\t\t<section class=\"elementor-section elementor-top-section elementor-element elementor-element-8dcb09b elementor-section-boxed elementor-section-height-default elementor-section-height-default\" data-id=\"8dcb09b\" data-element_type=\"section\" id=\"aboutus\" data-settings=\"{&quot;background_background&quot;:&quot;classic&quot;}\">\n\t\t\t\t\t\t<div class=\"elementor-container elementor-column-gap-default\">\n\t\t\t\t\t<div class=\"elementor-column elementor-col-100 elementor-top-column elementor-element elementor-element-e41375b\" data-id=\"e41375b\" data-element_type=\"column\">\n\t\t\t<div class=\"elementor-widget-wrap elementor-element-populated\">\n\t\t\t\t\t\t\t\t<div class=\"elementor-element elementor-element-1cc8862 elementor-widget elementor-widget-heading\" data-id=\"1cc8862\" data-element_type=\"widget\" data-widget_type=\"heading.default\">\n\t\t\t\t<div class=\"elementor-widget-container\">\n\t\t\t<h2 class=\"elementor-heading-title elementor-size-default\">DER Popkultur-Kanal f\u00fcr die GenZ<\/h2>\t\t<\/div>\n\t\t\t\t<\/div>\n\t\t\t\t<div class=\"elementor-element elementor-element-183d6fd elementor-widget elementor-widget-heading\" data-id=\"183d6fd\" data-element_type=\"widget\" data-widget_type=\"heading.default\">\n\t\t\t\t<div class=\"elementor-widget-container\">\n\t\t\t<h3 class=\"elementor-heading-title elementor-size-default\">(f\u00fcr funk von ARD und ZDF)<\/h3>\t\t<\/div>\n\t\t\t\t<\/div>\n\t\t\t\t<div class=\"elementor-element elementor-element-967b3b7 elementor-widget elementor-widget-text-editor\" data-id=\"967b3b7\" data-element_type=\"widget\" data-widget_type=\"text-editor.default\">\n\t\t\t\t<div class=\"elementor-widget-container\">\n\t\t\t\t\t\t\t<p>Popkulturnews und Medienkritik: Beyond gossip ist DER TikTok funk Kanal, wenn es um aktuelle News aus der Popkultur geht. Dabei geht es nicht darum, eine Schlagzeile als erstes aufzugreifen, sondern sich mit einer Thematik wirklich tiergehend zu befassen. Host Gizem Celik informiert, kl\u00e4rt auf und hinterfragt Trends, Pers\u00f6nlichkeiten, Schlagzeilen und Ph\u00e4nomene der Popkultur.<span class=\"Apple-converted-space\">\u00a0<\/span><\/p><p>Dabei stehen die Vermittlung von Medienkompetenz im Fokus. Gerade durch die Schnelllebigkeit von Social Media entstehen schnell Spekulationen und Ger\u00fcchte \u2013 News, insbesondere im Popkulturkosmos werden nicht gecheckt oder hinterfragt.<\/p><p>Beyond gossip macht es sich zur Aufgabe, diesen vermeintlichen Facts auf den Grund zu gehen und f\u00fchrt die User durch den Popkultur-Dschungel. Aufh\u00e4nger sind aktuell relevante Themen und Stories sowie wiederkehrende Popkulturph\u00e4nomene.<span class=\"Apple-converted-space\">\u00a0<\/span><\/p><p><strong>Anteil FLOW media company:<\/strong> <br \/>Entwicklung, Dreh, Schnitt, Social Media Management, Communitymangement<\/p><p><strong>Host:<\/strong> <br \/>Gizem Celik<\/p>\t\t\t\t\t\t<\/div>\n\t\t\t\t<\/div>\n\t\t\t\t<div class=\"elementor-element elementor-element-daa95bb e-grid-align-left elementor-shape-rounded elementor-grid-0 elementor-widget elementor-widget-social-icons\" data-id=\"daa95bb\" data-element_type=\"widget\" data-widget_type=\"social-icons.default\">\n\t\t\t\t<div class=\"elementor-widget-container\">\n\t\t\t\t\t<div class=\"elementor-social-icons-wrapper elementor-grid\">\n\t\t\t\t\t\t\t<span class=\"elementor-grid-item\">\n\t\t\t\t\t<a class=\"elementor-icon elementor-social-icon elementor-social-icon-tiktok elementor-animation-grow elementor-repeater-item-a0674bf\" href=\"https:\/\/www.tiktok.com\/@beyondgossip?lang=de-DE\u2028\" target=\"_blank\">\n\t\t\t\t\t\t<span class=\"elementor-screen-only\">Tiktok<\/span>\n\t\t\t\t\t\t<i class=\"fab fa-tiktok\"><\/i>\t\t\t\t\t<\/a>\n\t\t\t\t<\/span>\n\t\t\t\t\t<\/div>\n\t\t\t\t<\/div>\n\t\t\t\t<\/div>\n\t\t\t\t\t<\/div>\n\t\t<\/div>\n\t\t\t\t\t\t\t<\/div>\n\t\t<\/section>\n\t\t\t\t<section class=\"elementor-section elementor-top-section elementor-element elementor-element-bab5ee5 elementor-section-full_width elementor-section-height-default elementor-section-height-default\" data-id=\"bab5ee5\" data-element_type=\"section\" data-settings=\"{&quot;background_background&quot;:&quot;classic&quot;}\">\n\t\t\t\t\t\t<div class=\"elementor-container elementor-column-gap-no\">\n\t\t\t\t\t<div class=\"elementor-column elementor-col-100 elementor-top-column elementor-element elementor-element-d594a92\" data-id=\"d594a92\" data-element_type=\"column\">\n\t\t\t<div class=\"elementor-widget-wrap elementor-element-populated\">\n\t\t\t\t\t\t\t\t<div class=\"elementor-element elementor-element-bb106ce elementor-widget elementor-widget-template\" data-id=\"bb106ce\" data-element_type=\"widget\" data-widget_type=\"template.default\">\n\t\t\t\t<div class=\"elementor-widget-container\">\n\t\t\t\t\t<div class=\"elementor-template\">\n\t\t\t\t\t<div data-elementor-type=\"page\" data-elementor-id=\"2978\" class=\"elementor elementor-2978\" data-elementor-post-type=\"elementor_library\">\n\t\t\t\t\t\t\t\t\t<section class=\"elementor-section elementor-top-section elementor-element elementor-element-acc7c50 elementor-section-boxed elementor-section-height-default elementor-section-height-default\" data-id=\"acc7c50\" data-element_type=\"section\">\n\t\t\t\t\t\t<div class=\"elementor-container elementor-column-gap-default\">\n\t\t\t\t\t<div class=\"elementor-column elementor-col-100 elementor-top-column elementor-element elementor-element-0fec010\" data-id=\"0fec010\" data-element_type=\"column\">\n\t\t\t<div class=\"elementor-widget-wrap elementor-element-populated\">\n\t\t\t\t\t\t\t\t<div class=\"elementor-element elementor-element-f57c8d3 elementor-widget elementor-widget-heading\" data-id=\"f57c8d3\" data-element_type=\"widget\" data-widget_type=\"heading.default\">\n\t\t\t\t<div class=\"elementor-widget-container\">\n\t\t\t<h1 class=\"elementor-heading-title elementor-size-default\">Weitere Projekte<\/h1>\t\t<\/div>\n\t\t\t\t<\/div>\n\t\t\t\t\t<\/div>\n\t\t<\/div>\n\t\t\t\t\t\t\t<\/div>\n\t\t<\/section>\n\t\t\t\t<section class=\"elementor-section elementor-top-section elementor-element elementor-element-ba62b26 elementor-section-boxed elementor-section-height-default elementor-section-height-default\" data-id=\"ba62b26\" data-element_type=\"section\">\n\t\t\t\t\t\t<div class=\"elementor-container elementor-column-gap-extended\">\n\t\t\t\t\t<div class=\"elementor-column elementor-col-33 elementor-top-column elementor-element elementor-element-ec2573b\" data-id=\"ec2573b\" data-element_type=\"column\">\n\t\t\t<div class=\"elementor-widget-wrap elementor-element-populated\">\n\t\t\t\t\t\t\t\t<div class=\"elementor-element elementor-element-a47d7f3 elementor-position-top elementor-widget elementor-widget-image-box\" data-id=\"a47d7f3\" data-element_type=\"widget\" data-widget_type=\"image-box.default\">\n\t\t\t\t<div class=\"elementor-widget-container\">\n\t\t\t<div class=\"elementor-image-box-wrapper\"><figure class=\"elementor-image-box-img\"><img decoding=\"async\" loading=\"lazy\" width=\"1600\" height=\"1066\" src=\"https:\/\/flow.md\/wp-content\/uploads\/2023\/08\/placeholder.png\" class=\"elementor-animation-float attachment-full size-full wp-image-3090\" alt=\"\" srcset=\"https:\/\/flow.md\/wp-content\/uploads\/2023\/08\/placeholder.png 1600w, https:\/\/flow.md\/wp-content\/uploads\/2023\/08\/placeholder-300x200.png 300w, https:\/\/flow.md\/wp-content\/uploads\/2023\/08\/placeholder-1024x682.png 1024w, https:\/\/flow.md\/wp-content\/uploads\/2023\/08\/placeholder-768x512.png 768w, https:\/\/flow.md\/wp-content\/uploads\/2023\/08\/placeholder-1536x1023.png 1536w, https:\/\/flow.md\/wp-content\/uploads\/2023\/08\/placeholder-1200x800.png 1200w\" sizes=\"(max-width: 1600px) 100vw, 1600px\" \/><\/figure><div class=\"elementor-image-box-content\"><h3 class=\"elementor-image-box-title\">Projekttitel<\/h3><p class=\"elementor-image-box-description\">ZUSATZ<\/p><\/div><\/div>\t\t<\/div>\n\t\t\t\t<\/div>\n\t\t\t\t\t<\/div>\n\t\t<\/div>\n\t\t\t\t<div class=\"elementor-column elementor-col-33 elementor-top-column elementor-element elementor-element-7d1839f\" data-id=\"7d1839f\" data-element_type=\"column\">\n\t\t\t<div class=\"elementor-widget-wrap elementor-element-populated\">\n\t\t\t\t\t\t\t\t<div class=\"elementor-element elementor-element-a03d5ea elementor-position-top elementor-widget elementor-widget-image-box\" data-id=\"a03d5ea\" data-element_type=\"widget\" data-widget_type=\"image-box.default\">\n\t\t\t\t<div class=\"elementor-widget-container\">\n\t\t\t<div class=\"elementor-image-box-wrapper\"><figure class=\"elementor-image-box-img\"><img decoding=\"async\" loading=\"lazy\" width=\"1600\" height=\"1066\" src=\"https:\/\/flow.md\/wp-content\/uploads\/2023\/08\/placeholder.png\" class=\"elementor-animation-float attachment-full size-full wp-image-3090\" alt=\"\" srcset=\"https:\/\/flow.md\/wp-content\/uploads\/2023\/08\/placeholder.png 1600w, https:\/\/flow.md\/wp-content\/uploads\/2023\/08\/placeholder-300x200.png 300w, https:\/\/flow.md\/wp-content\/uploads\/2023\/08\/placeholder-1024x682.png 1024w, https:\/\/flow.md\/wp-content\/uploads\/2023\/08\/placeholder-768x512.png 768w, https:\/\/flow.md\/wp-content\/uploads\/2023\/08\/placeholder-1536x1023.png 1536w, https:\/\/flow.md\/wp-content\/uploads\/2023\/08\/placeholder-1200x800.png 1200w\" sizes=\"(max-width: 1600px) 100vw, 1600px\" \/><\/figure><div class=\"elementor-image-box-content\"><h3 class=\"elementor-image-box-title\">Projekttitel<\/h3><p class=\"elementor-image-box-description\">ZUSATZ<\/p><\/div><\/div>\t\t<\/div>\n\t\t\t\t<\/div>\n\t\t\t\t\t<\/div>\n\t\t<\/div>\n\t\t\t\t<div class=\"elementor-column elementor-col-33 elementor-top-column elementor-element elementor-element-2c6eb06\" data-id=\"2c6eb06\" data-element_type=\"column\">\n\t\t\t<div class=\"elementor-widget-wrap elementor-element-populated\">\n\t\t\t\t\t\t\t\t<div class=\"elementor-element elementor-element-43d8e1b elementor-position-top elementor-widget elementor-widget-image-box\" data-id=\"43d8e1b\" data-element_type=\"widget\" data-widget_type=\"image-box.default\">\n\t\t\t\t<div class=\"elementor-widget-container\">\n\t\t\t<div class=\"elementor-image-box-wrapper\"><figure class=\"elementor-image-box-img\"><img decoding=\"async\" loading=\"lazy\" width=\"1600\" height=\"1066\" src=\"https:\/\/flow.md\/wp-content\/uploads\/2023\/08\/placeholder.png\" class=\"elementor-animation-float attachment-full size-full wp-image-3090\" alt=\"\" srcset=\"https:\/\/flow.md\/wp-content\/uploads\/2023\/08\/placeholder.png 1600w, https:\/\/flow.md\/wp-content\/uploads\/2023\/08\/placeholder-300x200.png 300w, https:\/\/flow.md\/wp-content\/uploads\/2023\/08\/placeholder-1024x682.png 1024w, https:\/\/flow.md\/wp-content\/uploads\/2023\/08\/placeholder-768x512.png 768w, https:\/\/flow.md\/wp-content\/uploads\/2023\/08\/placeholder-1536x1023.png 1536w, https:\/\/flow.md\/wp-content\/uploads\/2023\/08\/placeholder-1200x800.png 1200w\" sizes=\"(max-width: 1600px) 100vw, 1600px\" \/><\/figure><div class=\"elementor-image-box-content\"><h3 class=\"elementor-image-box-title\">Projekttitel<\/h3><p class=\"elementor-image-box-description\">ZUSATZ<\/p><\/div><\/div>\t\t<\/div>\n\t\t\t\t<\/div>\n\t\t\t\t\t<\/div>\n\t\t<\/div>\n\t\t\t\t\t\t\t<\/div>\n\t\t<\/section>\n\t\t\t\t<section class=\"elementor-section elementor-top-section elementor-element elementor-element-826e21e elementor-section-boxed elementor-section-height-default elementor-section-height-default\" data-id=\"826e21e\" data-element_type=\"section\">\n\t\t\t\t\t\t<div class=\"elementor-container elementor-column-gap-extended\">\n\t\t\t\t\t<div class=\"elementor-column elementor-col-33 elementor-top-column elementor-element elementor-element-2bd91dd\" data-id=\"2bd91dd\" data-element_type=\"column\">\n\t\t\t<div class=\"elementor-widget-wrap elementor-element-populated\">\n\t\t\t\t\t\t\t\t<div class=\"elementor-element elementor-element-cf351a2 elementor-position-top elementor-widget elementor-widget-image-box\" data-id=\"cf351a2\" data-element_type=\"widget\" data-widget_type=\"image-box.default\">\n\t\t\t\t<div class=\"elementor-widget-container\">\n\t\t\t<div class=\"elementor-image-box-wrapper\"><figure class=\"elementor-image-box-img\"><img decoding=\"async\" loading=\"lazy\" width=\"1600\" height=\"1066\" src=\"https:\/\/flow.md\/wp-content\/uploads\/2023\/08\/placeholder.png\" class=\"elementor-animation-float attachment-full size-full wp-image-3090\" alt=\"\" srcset=\"https:\/\/flow.md\/wp-content\/uploads\/2023\/08\/placeholder.png 1600w, https:\/\/flow.md\/wp-content\/uploads\/2023\/08\/placeholder-300x200.png 300w, https:\/\/flow.md\/wp-content\/uploads\/2023\/08\/placeholder-1024x682.png 1024w, https:\/\/flow.md\/wp-content\/uploads\/2023\/08\/placeholder-768x512.png 768w, https:\/\/flow.md\/wp-content\/uploads\/2023\/08\/placeholder-1536x1023.png 1536w, https:\/\/flow.md\/wp-content\/uploads\/2023\/08\/placeholder-1200x800.png 1200w\" sizes=\"(max-width: 1600px) 100vw, 1600px\" \/><\/figure><div class=\"elementor-image-box-content\"><h3 class=\"elementor-image-box-title\">Projekttitel<\/h3><p class=\"elementor-image-box-description\">ZUSATZ<\/p><\/div><\/div>\t\t<\/div>\n\t\t\t\t<\/div>\n\t\t\t\t\t<\/div>\n\t\t<\/div>\n\t\t\t\t<div class=\"elementor-column elementor-col-33 elementor-top-column elementor-element elementor-element-7efafc9\" data-id=\"7efafc9\" data-element_type=\"column\">\n\t\t\t<div class=\"elementor-widget-wrap elementor-element-populated\">\n\t\t\t\t\t\t\t\t<div class=\"elementor-element elementor-element-a07e750 elementor-position-top elementor-widget elementor-widget-image-box\" data-id=\"a07e750\" data-element_type=\"widget\" data-widget_type=\"image-box.default\">\n\t\t\t\t<div class=\"elementor-widget-container\">\n\t\t\t<div class=\"elementor-image-box-wrapper\"><figure class=\"elementor-image-box-img\"><img decoding=\"async\" loading=\"lazy\" width=\"1600\" height=\"1066\" src=\"https:\/\/flow.md\/wp-content\/uploads\/2023\/08\/placeholder.png\" class=\"elementor-animation-float attachment-full size-full wp-image-3090\" alt=\"\" srcset=\"https:\/\/flow.md\/wp-content\/uploads\/2023\/08\/placeholder.png 1600w, https:\/\/flow.md\/wp-content\/uploads\/2023\/08\/placeholder-300x200.png 300w, https:\/\/flow.md\/wp-content\/uploads\/2023\/08\/placeholder-1024x682.png 1024w, https:\/\/flow.md\/wp-content\/uploads\/2023\/08\/placeholder-768x512.png 768w, https:\/\/flow.md\/wp-content\/uploads\/2023\/08\/placeholder-1536x1023.png 1536w, https:\/\/flow.md\/wp-content\/uploads\/2023\/08\/placeholder-1200x800.png 1200w\" sizes=\"(max-width: 1600px) 100vw, 1600px\" \/><\/figure><div class=\"elementor-image-box-content\"><h3 class=\"elementor-image-box-title\">Projekttitel<\/h3><p class=\"elementor-image-box-description\">ZUSATZ<\/p><\/div><\/div>\t\t<\/div>\n\t\t\t\t<\/div>\n\t\t\t\t\t<\/div>\n\t\t<\/div>\n\t\t\t\t<div class=\"elementor-column elementor-col-33 elementor-top-column elementor-element elementor-element-e7fd573\" data-id=\"e7fd573\" data-element_type=\"column\">\n\t\t\t<div class=\"elementor-widget-wrap elementor-element-populated\">\n\t\t\t\t\t\t\t\t<div class=\"elementor-element elementor-element-56f9ee0 elementor-position-top elementor-widget elementor-widget-image-box\" data-id=\"56f9ee0\" data-element_type=\"widget\" data-widget_type=\"image-box.default\">\n\t\t\t\t<div class=\"elementor-widget-container\">\n\t\t\t<div class=\"elementor-image-box-wrapper\"><figure class=\"elementor-image-box-img\"><img decoding=\"async\" loading=\"lazy\" width=\"1600\" height=\"1066\" src=\"https:\/\/flow.md\/wp-content\/uploads\/2023\/08\/placeholder.png\" class=\"elementor-animation-float attachment-full size-full wp-image-3090\" alt=\"\" srcset=\"https:\/\/flow.md\/wp-content\/uploads\/2023\/08\/placeholder.png 1600w, https:\/\/flow.md\/wp-content\/uploads\/2023\/08\/placeholder-300x200.png 300w, https:\/\/flow.md\/wp-content\/uploads\/2023\/08\/placeholder-1024x682.png 1024w, https:\/\/flow.md\/wp-content\/uploads\/2023\/08\/placeholder-768x512.png 768w, https:\/\/flow.md\/wp-content\/uploads\/2023\/08\/placeholder-1536x1023.png 1536w, https:\/\/flow.md\/wp-content\/uploads\/2023\/08\/placeholder-1200x800.png 1200w\" sizes=\"(max-width: 1600px) 100vw, 1600px\" \/><\/figure><div class=\"elementor-image-box-content\"><h3 class=\"elementor-image-box-title\">Projekttitel<\/h3><p class=\"elementor-image-box-description\">ZUSATZ<\/p><\/div><\/div>\t\t<\/div>\n\t\t\t\t<\/div>\n\t\t\t\t\t<\/div>\n\t\t<\/div>\n\t\t\t\t\t\t\t<\/div>\n\t\t<\/section>\n\t\t\t\t\t\t\t<\/div>\n\t\t\t\t<\/div>\n\t\t\t\t<\/div>\n\t\t\t\t<\/div>\n\t\t\t\t\t<\/div>\n\t\t<\/div>\n\t\t\t\t\t\t\t<\/div>\n\t\t<\/section>\n\t\t\t\t\t\t\t<\/div>","protected":false},"excerpt":{"rendered":"<p>Beyond Gossip DER Popkultur-Kanal f\u00fcr die GenZ (f\u00fcr funk von ARD und ZDF) Popkulturnews und Medienkritik: Beyond gossip ist DER TikTok funk Kanal, wenn es um aktuelle News aus der Popkultur geht. Dabei geht es nicht darum, eine Schlagzeile als erstes aufzugreifen, sondern sich mit einer Thematik wirklich tiergehend zu befassen. Host Gizem Celik informiert, [&hellip;]<\/p>","protected":false},"author":1,"featured_media":0,"parent":3384,"menu_order":0,"comment_status":"closed","ping_status":"closed","template":"","meta":{"footnotes":""},"_links":{"self":[{"href":"https:\/\/flow.md\/en\/wp-json\/wp\/v2\/pages\/3416"}],"collection":[{"href":"https:\/\/flow.md\/en\/wp-json\/wp\/v2\/pages"}],"about":[{"href":"https:\/\/flow.md\/en\/wp-json\/wp\/v2\/types\/page"}],"author":[{"embeddable":true,"href":"https:\/\/flow.md\/en\/wp-json\/wp\/v2\/users\/1"}],"replies":[{"embeddable":true,"href":"https:\/\/flow.md\/en\/wp-json\/wp\/v2\/comments?post=3416"}],"version-history":[{"count":4,"href":"https:\/\/flow.md\/en\/wp-json\/wp\/v2\/pages\/3416\/revisions"}],"predecessor-version":[{"id":3425,"href":"https:\/\/flow.md\/en\/wp-json\/wp\/v2\/pages\/3416\/revisions\/3425"}],"up":[{"embeddable":true,"href":"https:\/\/flow.md\/en\/wp-json\/wp\/v2\/pages\/3384"}],"wp:attachment":[{"href":"https:\/\/flow.md\/en\/wp-json\/wp\/v2\/media?parent=3416"}],"curies":[{"name":"wp","href":"https:\/\/api.w.org\/{rel}","templated":true}]}}